{"id":165,"date":"2024-03-05T11:59:25","date_gmt":"2024-03-05T16:59:25","guid":{"rendered":"https:\/\/equilibriumdyc.com.co\/?page_id=165"},"modified":"2024-03-17T14:52:17","modified_gmt":"2024-03-17T19:52:17","slug":"centro-de-experiencia-pelikano-poblado","status":"publish","type":"page","link":"https:\/\/equilibriumdyc.com.co\/?page_id=165","title":{"rendered":"Centro de Experiencia Pelikano &#8211; Poblado"},"content":{"rendered":"\n\t<section class=\"section\" id=\"section_638548955\">\n\t\t<div class=\"bg section-bg fill bg-fill  \" >\n\n\t\t\t\n\t\t\t<div class=\"section-bg-overlay absolute fill\"><\/div>\n\t\t\t\n\n\t\t<\/div>\n\n\t\t\n\n\t\t<div class=\"section-content relative\">\n\t\t\t\n\n<div class=\"row align-center\"  id=\"row-1443240623\">\n\n\n\t<div id=\"col-791595720\" class=\"col medium-7 small-12 large-9\"  data-animate=\"fadeInUp\">\n\t\t\t\t<div class=\"col-inner text-center\"  >\n\t\t\t\n\t\t\t\n\n\t<div id=\"gap-1600974186\" class=\"gap-element clearfix\" style=\"display:block; height:auto;\">\n\t\t\n<style>\n#gap-1600974186 {\n  padding-top: 30px;\n}\n@media (min-width:850px) {\n  #gap-1600974186 {\n    padding-top: 60px;\n  }\n}\n<\/style>\n\t<\/div>\n\t\n\n\t<div id=\"text-4211995051\" class=\"text\">\n\t\t\n\n<h1><span style=\"color: #ffffff;\">Centro de Experiencia<\/span><\/h1>\n<h1><span style=\"color: #ffffff;\"> Pelikano\u00a0 Poblado<\/span><\/h1>\n\t\t\n<style>\n#text-4211995051 {\n  font-size: 1.6rem;\n}\n<\/style>\n\t<\/div>\n\t\n<div class=\"is-divider divider clearfix\" style=\"background-color:rgb(255, 255, 255);\"><\/div>\n\n\t<div id=\"gap-729861822\" class=\"gap-element clearfix\" style=\"display:block; height:auto;\">\n\t\t\n<style>\n#gap-729861822 {\n  padding-top: 30px;\n}\n@media (min-width:850px) {\n  #gap-729861822 {\n    padding-top: 50px;\n  }\n}\n<\/style>\n\t<\/div>\n\t\n\n\n\t\t<\/div>\n\t\t\t\t\t<\/div>\n\n\t\n\n<\/div>\n\n\t\t<\/div>\n\n\t\t\n<style>\n#section_638548955 {\n  padding-top: 0px;\n  padding-bottom: 0px;\n}\n#section_638548955 .section-bg-overlay {\n  background-color: rgba(0,0,0,.5);\n}\n#section_638548955 .section-bg.bg-loaded {\n  background-image: url(https:\/\/equilibriumdyc.com.co\/wp-content\/uploads\/2024\/03\/flatsomebilder-3-of-4.jpg);\n}\n<\/style>\n\t<\/section>\n\t\n\t<section class=\"section\" id=\"section_456759073\">\n\t\t<div class=\"bg section-bg fill bg-fill  bg-loaded\" >\n\n\t\t\t\n\t\t\t\n\t\t\t\n\n\t\t<\/div>\n\n\t\t\n\n\t\t<div class=\"section-content relative\">\n\t\t\t\n\n<div class=\"row row-collapse row-full-width\"  id=\"row-936792339\">\n\n\n\t<div id=\"col-1774754688\" class=\"col medium-3 small-6 large-3\"  data-animate=\"fadeInUp\">\n\t\t\t\t<div class=\"col-inner\"  >\n\t\t\t\n\t\t\t\n\n\n  <div class=\"banner has-hover\" id=\"banner-123263213\">\n          <div class=\"banner-inner fill\">\n        <div class=\"banner-bg fill\" >\n            <div class=\"bg fill bg-fill \"><\/div>\n                                    \n                    <\/div>\n\t\t\n        <div class=\"banner-layers container\">\n            <div class=\"fill banner-link\"><\/div>            \n\n   <div id=\"text-box-805370297\" class=\"text-box banner-layer x50 md-x50 lg-x50 y50 md-y50 lg-y50 res-text\">\n                                <div class=\"text-box-content text dark\">\n              \n              <div class=\"text-inner text-center\">\n                  \n\n\n              <\/div>\n           <\/div>\n                            \n<style>\n#text-box-805370297 {\n  width: 60%;\n}\n#text-box-805370297 .text-box-content {\n  font-size: 100%;\n}\n@media (min-width:550px) {\n  #text-box-805370297 {\n    width: 60%;\n  }\n}\n<\/style>\n    <\/div>\n \n\n        <\/div>\n      <\/div>\n\n            \n<style>\n#banner-123263213 {\n  padding-top: 99.99%;\n  background-color: rgba(255, 255, 255, 0);\n}\n#banner-123263213 .bg.bg-loaded {\n  background-image: url(https:\/\/equilibriumdyc.com.co\/wp-content\/uploads\/2024\/03\/P3-768x1024.jpg);\n}\n<\/style>\n  <\/div>\n\n\n\n\t\t<\/div>\n\t\t\t\t\t<\/div>\n\n\t\n\n\t<div id=\"col-1201363932\" class=\"col medium-3 small-6 large-3\"  data-animate=\"fadeInUp\">\n\t\t\t\t<div class=\"col-inner\"  >\n\t\t\t\n\t\t\t\n\n\n  <div class=\"banner has-hover\" id=\"banner-1487836818\">\n          <div class=\"banner-inner fill\">\n        <div class=\"banner-bg fill\" >\n            <div class=\"bg fill bg-fill \"><\/div>\n                                    \n                    <\/div>\n\t\t\n        <div class=\"banner-layers container\">\n            <div class=\"fill banner-link\"><\/div>            \n\n   <div id=\"text-box-1363332732\" class=\"text-box banner-layer x50 md-x50 lg-x50 y50 md-y50 lg-y50 res-text\">\n                                <div class=\"text-box-content text dark\">\n              \n              <div class=\"text-inner text-center\">\n                  \n\n\n              <\/div>\n           <\/div>\n                            \n<style>\n#text-box-1363332732 {\n  width: 60%;\n}\n#text-box-1363332732 .text-box-content {\n  font-size: 100%;\n}\n@media (min-width:550px) {\n  #text-box-1363332732 {\n    width: 100%;\n  }\n}\n<\/style>\n    <\/div>\n \n\n        <\/div>\n      <\/div>\n\n            \n<style>\n#banner-1487836818 {\n  padding-top: 99.99%;\n  background-color: rgba(255, 255, 255, 0);\n}\n#banner-1487836818 .bg.bg-loaded {\n  background-image: url(https:\/\/equilibriumdyc.com.co\/wp-content\/uploads\/2024\/03\/P7-768x1024.jpg);\n}\n<\/style>\n  <\/div>\n\n\n\n\t\t<\/div>\n\t\t\t\t\t<\/div>\n\n\t\n\n\t<div id=\"col-698204606\" class=\"col medium-3 small-6 large-3\"  data-animate=\"fadeInUp\">\n\t\t\t\t<div class=\"col-inner\"  >\n\t\t\t\n\t\t\t\n\n\n  <div class=\"banner has-hover\" id=\"banner-1701389465\">\n          <div class=\"banner-inner fill\">\n        <div class=\"banner-bg fill\" >\n            <div class=\"bg fill bg-fill \"><\/div>\n                                    \n                    <\/div>\n\t\t\n        <div class=\"banner-layers container\">\n            <div class=\"fill banner-link\"><\/div>            \n\n   <div id=\"text-box-687701778\" class=\"text-box banner-layer x50 md-x50 lg-x50 y50 md-y50 lg-y50 res-text\">\n                                <div class=\"text-box-content text dark\">\n              \n              <div class=\"text-inner text-center\">\n                  \n\n\n              <\/div>\n           <\/div>\n                            \n<style>\n#text-box-687701778 {\n  width: 60%;\n}\n#text-box-687701778 .text-box-content {\n  font-size: 100%;\n}\n@media (min-width:550px) {\n  #text-box-687701778 {\n    width: 60%;\n  }\n}\n<\/style>\n    <\/div>\n \n\n        <\/div>\n      <\/div>\n\n            \n<style>\n#banner-1701389465 {\n  padding-top: 99.99%;\n  background-color: rgba(255, 255, 255, 0);\n}\n#banner-1701389465 .bg.bg-loaded {\n  background-image: url(https:\/\/equilibriumdyc.com.co\/wp-content\/uploads\/2024\/03\/P2-768x1024.jpg);\n}\n#banner-1701389465 .bg {\n  background-position: 61% 0%;\n}\n<\/style>\n  <\/div>\n\n\n\n\t\t<\/div>\n\t\t\t\t\t<\/div>\n\n\t\n\n\t<div id=\"col-374505214\" class=\"col medium-3 small-6 large-3\"  data-animate=\"fadeInUp\">\n\t\t\t\t<div class=\"col-inner\"  >\n\t\t\t\n\t\t\t\n\n\n  <div class=\"banner has-hover\" id=\"banner-1731830422\">\n          <div class=\"banner-inner fill\">\n        <div class=\"banner-bg fill\" >\n            <div class=\"bg fill bg-fill \"><\/div>\n                                    \n                    <\/div>\n\t\t\n        <div class=\"banner-layers container\">\n            <div class=\"fill banner-link\"><\/div>            \n\n   <div id=\"text-box-1189469096\" class=\"text-box banner-layer x50 md-x50 lg-x50 y50 md-y50 lg-y50 res-text\">\n                                <div class=\"text-box-content text dark\">\n              \n              <div class=\"text-inner text-center\">\n                  \n\n\n              <\/div>\n           <\/div>\n                            \n<style>\n#text-box-1189469096 {\n  width: 60%;\n}\n#text-box-1189469096 .text-box-content {\n  font-size: 100%;\n}\n@media (min-width:550px) {\n  #text-box-1189469096 {\n    width: 60%;\n  }\n}\n<\/style>\n    <\/div>\n \n\n        <\/div>\n      <\/div>\n\n            \n<style>\n#banner-1731830422 {\n  padding-top: 99.99%;\n  background-color: rgba(255, 255, 255, 0);\n}\n#banner-1731830422 .bg.bg-loaded {\n  background-image: url(https:\/\/equilibriumdyc.com.co\/wp-content\/uploads\/2024\/03\/P4-759x1024.jpg);\n}\n#banner-1731830422 .bg {\n  background-position: 54% 0%;\n}\n<\/style>\n  <\/div>\n\n\n\n\t\t<\/div>\n\t\t\t\t\t<\/div>\n\n\t\n\n\n<style>\n#row-936792339 > .col > .col-inner {\n  padding: 0px 5px 0px 0px;\n}\n<\/style>\n<\/div>\n\n\t\t<\/div>\n\n\t\t\n<style>\n#section_456759073 {\n  padding-top: 5px;\n  padding-bottom: 5px;\n}\n<\/style>\n\t<\/section>\n\t\n<div class=\"row row-collapse row-full-width align-middle\"  id=\"row-2117488706\">\n\n\n\t<div id=\"col-699182001\" class=\"col medium-12 small-12 large-6\"  >\n\t\t\t\t<div class=\"col-inner\"  >\n\t\t\t\n\t\t\t\n\n  <div class=\"banner-grid-wrapper\">\n  <div id=\"banner-grid-991541749\" class=\"banner-grid row row-grid row-xsmall row-full-width\" data-packery-options=\"\">\n                      \n\n<div class=\"col grid-col small-4 large-6 grid-col-2-3\" ><div class=\"col-inner\">\n\n\n  <div class=\"banner has-hover\" id=\"banner-865850138\">\n          <div class=\"banner-inner fill\">\n        <div class=\"banner-bg fill\" >\n            <div class=\"bg fill bg-fill \"><\/div>\n                                    \n                    <\/div>\n\t\t\n        <div class=\"banner-layers container\">\n            <div class=\"fill banner-link\"><\/div>            \n\n   <div id=\"text-box-2126642713\" class=\"text-box banner-layer x50 md-x50 lg-x50 y50 md-y50 lg-y50 res-text\">\n                                <div class=\"text-box-content text dark\">\n              \n              <div class=\"text-inner text-center\">\n                  \n\n\n              <\/div>\n           <\/div>\n                            \n<style>\n#text-box-2126642713 {\n  width: 60%;\n}\n#text-box-2126642713 .text-box-content {\n  font-size: 100%;\n}\n@media (min-width:550px) {\n  #text-box-2126642713 {\n    width: 60%;\n  }\n}\n<\/style>\n    <\/div>\n \n\n        <\/div>\n      <\/div>\n\n            \n<style>\n#banner-865850138 {\n  padding-top: 500px;\n  background-color: rgba(255, 255, 255, 0);\n}\n#banner-865850138 .bg.bg-loaded {\n  background-image: url(https:\/\/equilibriumdyc.com.co\/wp-content\/uploads\/2024\/03\/P5-759x1024.jpg);\n}\n#banner-865850138 .bg {\n  background-position: 9% 48%;\n}\n<\/style>\n  <\/div>\n\n\n\n<\/div><\/div>\n<div class=\"col grid-col small-8 large-6 grid-col-1-3\" ><div class=\"col-inner\">\n\n\n  <div class=\"banner has-hover\" id=\"banner-1888863349\">\n          <div class=\"banner-inner fill\">\n        <div class=\"banner-bg fill\" >\n            <div class=\"bg fill bg-fill \"><\/div>\n                                    \n                    <\/div>\n\t\t\n        <div class=\"banner-layers container\">\n            <div class=\"fill banner-link\"><\/div>            \n\n   <div id=\"text-box-1494661447\" class=\"text-box banner-layer x50 md-x50 lg-x50 y50 md-y50 lg-y50 res-text\">\n                                <div class=\"text-box-content text dark\">\n              \n              <div class=\"text-inner text-center\">\n                  \n\n\n              <\/div>\n           <\/div>\n                            \n<style>\n#text-box-1494661447 {\n  width: 60%;\n}\n#text-box-1494661447 .text-box-content {\n  font-size: 100%;\n}\n@media (min-width:550px) {\n  #text-box-1494661447 {\n    width: 60%;\n  }\n}\n<\/style>\n    <\/div>\n \n\n        <\/div>\n      <\/div>\n\n            \n<style>\n#banner-1888863349 {\n  padding-top: 500px;\n  background-color: rgba(255, 255, 255, 0);\n}\n#banner-1888863349 .bg.bg-loaded {\n  background-image: url(https:\/\/equilibriumdyc.com.co\/wp-content\/uploads\/2024\/03\/P1-768x1024.jpg);\n}\n#banner-1888863349 .bg {\n  background-position: 27% 18%;\n}\n<\/style>\n  <\/div>\n\n\n\n<\/div><\/div>\n<div class=\"col grid-col small-12 large-6 grid-col-2-3\" ><div class=\"col-inner\">\n\n\n  <div class=\"banner has-hover\" id=\"banner-318081178\">\n          <div class=\"banner-inner fill\">\n        <div class=\"banner-bg fill\" >\n            <div class=\"bg fill bg-fill \"><\/div>\n                                    \n                    <\/div>\n\t\t\n        <div class=\"banner-layers container\">\n            <div class=\"fill banner-link\"><\/div>            \n\n   <div id=\"text-box-1554421211\" class=\"text-box banner-layer x50 md-x50 lg-x50 y50 md-y50 lg-y50 res-text\">\n                                <div class=\"text-box-content text dark\">\n              \n              <div class=\"text-inner text-center\">\n                  \n\n\n              <\/div>\n           <\/div>\n                            \n<style>\n#text-box-1554421211 {\n  width: 60%;\n}\n#text-box-1554421211 .text-box-content {\n  font-size: 100%;\n}\n@media (min-width:550px) {\n  #text-box-1554421211 {\n    width: 60%;\n  }\n}\n<\/style>\n    <\/div>\n \n\n        <\/div>\n      <\/div>\n\n            \n<style>\n#banner-318081178 {\n  padding-top: 500px;\n  background-color: rgba(255, 255, 255, 0);\n}\n#banner-318081178 .bg.bg-loaded {\n  background-image: url(https:\/\/equilibriumdyc.com.co\/wp-content\/uploads\/2024\/03\/P10-768x1024.jpg);\n}\n#banner-318081178 .bg {\n  background-position: 34% 51%;\n}\n<\/style>\n  <\/div>\n\n\n\n<\/div><\/div>\n<div class=\"col grid-col small-8 large-6 grid-col-1-3\" ><div class=\"col-inner\">\n\n\n  <div class=\"banner has-hover\" id=\"banner-970919231\">\n          <div class=\"banner-inner fill\">\n        <div class=\"banner-bg fill\" >\n            <div class=\"bg fill bg-fill \"><\/div>\n                                    \n                    <\/div>\n\t\t\n        <div class=\"banner-layers container\">\n            <div class=\"fill banner-link\"><\/div>            \n\n   <div id=\"text-box-763081682\" class=\"text-box banner-layer x50 md-x50 lg-x50 y50 md-y50 lg-y50 res-text\">\n                                <div class=\"text-box-content text dark\">\n              \n              <div class=\"text-inner text-center\">\n                  \n\n\n              <\/div>\n           <\/div>\n                            \n<style>\n#text-box-763081682 {\n  width: 60%;\n}\n#text-box-763081682 .text-box-content {\n  font-size: 100%;\n}\n@media (min-width:550px) {\n  #text-box-763081682 {\n    width: 60%;\n  }\n}\n<\/style>\n    <\/div>\n \n\n        <\/div>\n      <\/div>\n\n            \n<style>\n#banner-970919231 {\n  padding-top: 500px;\n  background-color: rgba(255, 255, 255, 0);\n}\n#banner-970919231 .bg.bg-loaded {\n  background-image: url(https:\/\/equilibriumdyc.com.co\/wp-content\/uploads\/2024\/03\/P9-768x1024.jpg);\n}\n#banner-970919231 .bg {\n  background-position: 63% 61%;\n}\n<\/style>\n  <\/div>\n\n\n\n<\/div><\/div>\n\n            <\/div>\n    <style>\n    #banner-grid-991541749 .grid-col-1{height: 700px}\n    #banner-grid-991541749 .grid-col-1-2{height: 350px}\n    #banner-grid-991541749 .grid-col-1-3{height:233.33333333333px}\n    #banner-grid-991541749 .grid-col-2-3{height: 466.66666666667px}\n    #banner-grid-991541749 .grid-col-1-4{height: 175px}\n    #banner-grid-991541749 .grid-col-3-4{height: 525px}\n\n\n        \/* Tablet *\/\n    @media (max-width: 850px){\n      #banner-grid-991541749 .grid-col-1{height: 500px}\n      #banner-grid-991541749 .grid-col-1-2{height: 250px}\n      #banner-grid-991541749 .grid-col-1-3{height:166.66666666667px}\n      #banner-grid-991541749 .grid-col-2-3{height: 333.33333333333px}\n      #banner-grid-991541749 .grid-col-1-4{height: 125px}\n      #banner-grid-991541749 .grid-col-3-4{height: 375px}\n    }\n    \n    \n\n  <\/style>\n    <\/div>\n  \n\n\t\t<\/div>\n\t\t\t\t\t<\/div>\n\n\t\n\n\t<div id=\"col-436440857\" class=\"col medium-12 small-12 large-6\"  >\n\t\t\t\t<div class=\"col-inner\"  >\n\t\t\t\n\t\t\t\n\n\t<section class=\"section\" id=\"section_169847573\">\n\t\t<div class=\"bg section-bg fill bg-fill  \" >\n\n\t\t\t\n\t\t\t<div class=\"section-bg-overlay absolute fill\"><\/div>\n\t\t\t\n\n\t\t<\/div>\n\n\t\t\n\n\t\t<div class=\"section-content relative\">\n\t\t\t\n\n<div class=\"row align-center\"  id=\"row-202374498\">\n\n\n\t<div id=\"col-1514905592\" class=\"col medium-11 small-12 large-11\"  >\n\t\t\t\t<div class=\"col-inner\"  >\n\t\t\t\n\t\t\t\n\n\t<div id=\"gap-2084192225\" class=\"gap-element clearfix\" style=\"display:block; height:auto;\">\n\t\t\n<style>\n#gap-2084192225 {\n  padding-top: 30px;\n}\n<\/style>\n\t<\/div>\n\t\n\n\t<div id=\"text-456783691\" class=\"text\">\n\t\t\n\n<h1>El proyecto<\/h1>\n\t\t\n<style>\n#text-456783691 {\n  font-size: 1.25rem;\n  line-height: 0.75;\n  color: rgb(255, 255, 255);\n}\n#text-456783691 > * {\n  color: rgb(255, 255, 255);\n}\n<\/style>\n\t<\/div>\n\t\n\t<div id=\"text-3036168674\" class=\"text\">\n\t\t\n\n<p><span style=\"font-weight: 400;\">Trabajo en compa\u00f1\u00eda de Inside Studio en espacio creado para la comercializaci\u00f3n y versatilidad de los productos de la marca Pelikano.<\/span><\/p>\n\t\t\n<style>\n#text-3036168674 {\n  color: rgb(255, 255, 255);\n}\n#text-3036168674 > * {\n  color: rgb(255, 255, 255);\n}\n<\/style>\n\t<\/div>\n\t\n<a href=\"https:\/\/wa.link\/b77j9x\" class=\"button secondary is-underline\"  >\n    <span>CONTACTAR<\/span>\n  <\/a>\n\n\n\n\t\t<\/div>\n\t\t\t\t\t<\/div>\n\n\t\n\n<\/div>\n\n\t\t<\/div>\n\n\t\t\n<style>\n#section_169847573 {\n  padding-top: 0px;\n  padding-bottom: 0px;\n  min-height: 400px;\n}\n#section_169847573 .section-bg-overlay {\n  background-color: rgba(0,0,0,.5);\n}\n#section_169847573 .section-bg.bg-loaded {\n  background-image: url(https:\/\/equilibriumdyc.com.co\/wp-content\/uploads\/2024\/03\/flatsomebilder-3-of-4.jpg);\n}\n@media (min-width:850px) {\n  #section_169847573 {\n    min-height: 700px;\n  }\n}\n<\/style>\n\t<\/section>\n\t\n\n\t\t<\/div>\n\t\t\t\t\t<\/div>\n\n\t\n\n<\/div>\n\n","protected":false},"excerpt":{"rendered":"","protected":false},"author":1,"featured_media":0,"parent":0,"menu_order":0,"comment_status":"closed","ping_status":"closed","template":"page-blank.php","meta":{"footnotes":""},"_links":{"self":[{"href":"https:\/\/equilibriumdyc.com.co\/index.php?rest_route=\/wp\/v2\/pages\/165"}],"collection":[{"href":"https:\/\/equilibriumdyc.com.co\/index.php?rest_route=\/wp\/v2\/pages"}],"about":[{"href":"https:\/\/equilibriumdyc.com.co\/index.php?rest_route=\/wp\/v2\/types\/page"}],"author":[{"embeddable":true,"href":"https:\/\/equilibriumdyc.com.co\/index.php?rest_route=\/wp\/v2\/users\/1"}],"replies":[{"embeddable":true,"href":"https:\/\/equilibriumdyc.com.co\/index.php?rest_route=%2Fwp%2Fv2%2Fcomments&post=165"}],"version-history":[{"count":10,"href":"https:\/\/equilibriumdyc.com.co\/index.php?rest_route=\/wp\/v2\/pages\/165\/revisions"}],"predecessor-version":[{"id":497,"href":"https:\/\/equilibriumdyc.com.co\/index.php?rest_route=\/wp\/v2\/pages\/165\/revisions\/497"}],"wp:attachment":[{"href":"https:\/\/equilibriumdyc.com.co\/index.php?rest_route=%2Fwp%2Fv2%2Fmedia&parent=165"}],"curies":[{"name":"wp","href":"https:\/\/api.w.org\/{rel}","templated":true}]}}