{"id":180,"date":"2024-03-05T12:16:57","date_gmt":"2024-03-05T17:16:57","guid":{"rendered":"https:\/\/equilibriumdyc.com.co\/?page_id=180"},"modified":"2024-03-09T12:57:44","modified_gmt":"2024-03-09T17:57:44","slug":"diseno-y-construccion","status":"publish","type":"page","link":"https:\/\/equilibriumdyc.com.co\/?page_id=180","title":{"rendered":"DISE\u00d1O Y CONSTRUCCI\u00d3N"},"content":{"rendered":"\n\t<section class=\"section dark\" id=\"section_1007362396\">\n\t\t<div class=\"bg section-bg fill bg-fill  bg-loaded\" >\n\n\t\t\t\n\t\t\t\n\t\t\t\n\n\t\t<\/div>\n\n\t\t\n\n\t\t<div class=\"section-content relative\">\n\t\t\t\n\n<div class=\"row\"  id=\"row-1251379488\">\n\n\n\t<div id=\"col-1192067880\" class=\"col medium-3 small-12 large-3\"  >\n\t\t\t\t<div class=\"col-inner\"  >\n\t\t\t\n\t\t\t\n\n<h1 style=\"text-align: left;\"><span style=\"color: #b88944;\">DISE\u00d1O Y CONSTRUCCI\u00d3N<\/span><\/h1>\n<p><a href=\"https:\/\/equilibriumdyc.com.co\/?page_id=267\">DyC Apartamento Don Carlos<\/a><\/p>\n<hr \/>\n<div><a href=\"https:\/\/equilibriumdyc.com.co\/?page_id=278\">Dise\u00f1o Edificio Solare<\/a><\/div>\n<hr \/>\n<p><a href=\"https:\/\/equilibriumdyc.com.co\/?page_id=289\">DyC TorreB\u00e1<\/a><\/p>\n<hr \/>\n<p><a href=\"https:\/\/equilibriumdyc.com.co\/?page_id=311\">Dise\u00f1o etapa II Vivienda Campestre Ay qu\u00e9 Fr\u00edo<\/a><\/p>\n<hr \/>\n<p><a href=\"https:\/\/equilibriumdyc.com.co\/?page_id=379\">Edificio Mura<\/a><\/p>\n<hr \/>\n<p><a href=\"https:\/\/equilibriumdyc.com.co\/?page_id=329\">Edificio Vivienda Hispania<\/a><\/p>\n<hr \/>\n<p><a href=\"https:\/\/equilibriumdyc.com.co\/?page_id=335\">DyC Vivienda Campestre Turbo<\/a><\/p>\n<hr \/>\n<p>\u00a0<\/p>\n\n\t\t<\/div>\n\t\t\t\t\t<\/div>\n\n\t\n\n\t<div id=\"col-329178066\" class=\"col medium-9 small-12 large-9\"  >\n\t\t\t\t<div class=\"col-inner\"  >\n\t\t\t\n\t\t\t\n\n<div class=\"slider-wrapper relative\" id=\"slider-1491569020\" >\n    <div class=\"slider slider-nav-dots-dashes-spaced slider-nav-simple slider-nav-large slider-nav-light slider-style-container slider-show-nav\"\n        data-flickity-options='{\n            \"cellAlign\": \"center\",\n            \"imagesLoaded\": true,\n            \"lazyLoad\": 1,\n            \"freeScroll\": false,\n            \"wrapAround\": true,\n            \"autoPlay\": 3000,\n            \"pauseAutoPlayOnHover\" : false,\n            \"prevNextButtons\": true,\n            \"contain\" : true,\n            \"adaptiveHeight\" : true,\n            \"dragThreshold\" : 10,\n            \"percentPosition\": true,\n            \"pageDots\": true,\n            \"rightToLeft\": false,\n            \"draggable\": true,\n            \"selectedAttraction\": 0.1,\n            \"parallax\" : 0,\n            \"friction\": 0.6        }'\n        >\n        \n\n<div class=\"row\"  id=\"row-857818733\">\n\n\n\t<div id=\"col-564694919\" class=\"col small-12 large-12\"  >\n\t\t\t\t<div class=\"col-inner\"  >\n\t\t\t\n\t\t\t\n\n\n  <div class=\"banner has-hover\" id=\"banner-1188749543\">\n          <div class=\"banner-inner fill\">\n        <div class=\"banner-bg fill\" >\n            <div class=\"bg fill bg-fill \"><\/div>\n                                    \n                    <\/div>\n\t\t\n        <div class=\"banner-layers container\">\n            <div class=\"fill banner-link\"><\/div>            \n\n   <div id=\"text-box-1947045725\" class=\"text-box banner-layer x50 md-x50 lg-x50 y50 md-y50 lg-y50 res-text\">\n                                <div class=\"text-box-content text dark\">\n              \n              <div class=\"text-inner text-center\">\n                  \n\n\n              <\/div>\n           <\/div>\n                            \n<style>\n#text-box-1947045725 {\n  width: 60%;\n}\n#text-box-1947045725 .text-box-content {\n  font-size: 100%;\n}\n<\/style>\n    <\/div>\n \n\n        <\/div>\n      <\/div>\n\n            \n<style>\n#banner-1188749543 {\n  padding-top: 300px;\n  background-color: rgb(40, 40, 40);\n}\n#banner-1188749543 .bg.bg-loaded {\n  background-image: url(https:\/\/equilibriumdyc.com.co\/wp-content\/uploads\/2024\/03\/M-1-1024x925.png);\n}\n@media (min-width:550px) {\n  #banner-1188749543 {\n    padding-top: 500px;\n  }\n}\n<\/style>\n  <\/div>\n\n\n\n\t\t<\/div>\n\t\t\t\t\t<\/div>\n\n\t\n\n<\/div>\n<div class=\"row\"  id=\"row-99546340\">\n\n\n\t<div id=\"col-1606275129\" class=\"col small-12 large-12\"  >\n\t\t\t\t<div class=\"col-inner\"  >\n\t\t\t\n\t\t\t\n\n\n  <div class=\"banner has-hover\" id=\"banner-767072727\">\n          <div class=\"banner-inner fill\">\n        <div class=\"banner-bg fill\" >\n            <div class=\"bg fill bg-fill \"><\/div>\n                                    \n\t<div class=\"is-border\"\n\t\tstyle=\"border-color:rgb(40, 40, 40);border-width:0px 11px 0px 11px;\">\n\t<\/div>\n                    <\/div>\n\t\t\n        <div class=\"banner-layers container\">\n            <div class=\"fill banner-link\"><\/div>            \n\n   <div id=\"text-box-1049224385\" class=\"text-box banner-layer x50 md-x50 lg-x50 y50 md-y50 lg-y50 res-text\">\n                                <div class=\"text-box-content text dark\">\n              \n              <div class=\"text-inner text-center\">\n                  \n\n\n              <\/div>\n           <\/div>\n                            \n<style>\n#text-box-1049224385 {\n  width: 60%;\n}\n#text-box-1049224385 .text-box-content {\n  font-size: 100%;\n}\n<\/style>\n    <\/div>\n \n\n        <\/div>\n      <\/div>\n\n            \n<style>\n#banner-767072727 {\n  padding-top: 300px;\n  background-color: rgb(40, 40, 40);\n}\n#banner-767072727 .bg.bg-loaded {\n  background-image: url(https:\/\/equilibriumdyc.com.co\/wp-content\/uploads\/2024\/03\/2.2-945x1024.jpg);\n}\n#banner-767072727 .bg {\n  background-position: 59% 34%;\n}\n@media (min-width:550px) {\n  #banner-767072727 {\n    padding-top: 500px;\n  }\n}\n<\/style>\n  <\/div>\n\n\n\n\t\t<\/div>\n\t\t\t\t\t<\/div>\n\n\t\n\n<\/div>\n<div class=\"row\"  id=\"row-1031242013\">\n\n\n\t<div id=\"col-1544763658\" class=\"col small-12 large-12\"  >\n\t\t\t\t<div class=\"col-inner\"  >\n\t\t\t\n\t\t\t\n\n\n  <div class=\"banner has-hover\" id=\"banner-950849222\">\n          <div class=\"banner-inner fill\">\n        <div class=\"banner-bg fill\" >\n            <div class=\"bg fill bg-fill \"><\/div>\n                                    \n\t<div class=\"is-border\"\n\t\tstyle=\"border-color:rgb(40, 40, 40);border-width:0px 11px 0px 11px;\">\n\t<\/div>\n                    <\/div>\n\t\t\n        <div class=\"banner-layers container\">\n            <div class=\"fill banner-link\"><\/div>            \n\n   <div id=\"text-box-1208482429\" class=\"text-box banner-layer x50 md-x50 lg-x50 y50 md-y50 lg-y50 res-text\">\n                                <div class=\"text-box-content text dark\">\n              \n              <div class=\"text-inner text-center\">\n                  \n\n\n              <\/div>\n           <\/div>\n                            \n<style>\n#text-box-1208482429 {\n  width: 60%;\n}\n#text-box-1208482429 .text-box-content {\n  font-size: 100%;\n}\n<\/style>\n    <\/div>\n \n\n        <\/div>\n      <\/div>\n\n            \n<style>\n#banner-950849222 {\n  padding-top: 300px;\n  background-color: rgb(40, 40, 40);\n}\n#banner-950849222 .bg.bg-loaded {\n  background-image: url(https:\/\/equilibriumdyc.com.co\/wp-content\/uploads\/2024\/03\/I-1--1024x889.png);\n}\n#banner-950849222 .bg {\n  background-position: 40% 84%;\n}\n@media (min-width:550px) {\n  #banner-950849222 {\n    padding-top: 500px;\n  }\n}\n<\/style>\n  <\/div>\n\n\n\n\t\t<\/div>\n\t\t\t\t\t<\/div>\n\n\t\n\n<\/div>\n\n     <\/div>\n\n     <div class=\"loading-spin dark large centered\"><\/div>\n\n\t\n<style>\n#slider-1491569020 .flickity-slider > * {\n  max-width: 70%!important;\n}\n<\/style>\n<\/div>\n\n\n\n\t\t<\/div>\n\t\t\t\t\t<\/div>\n\n\t\n\n<\/div>\n\n\t\t<\/div>\n\n\t\t\n<style>\n#section_1007362396 {\n  padding-top: 60px;\n  padding-bottom: 60px;\n  background-color: rgb(0, 70, 70);\n}\n<\/style>\n\t<\/section>\n\t\n\n","protected":false},"excerpt":{"rendered":"","protected":false},"author":1,"featured_media":0,"parent":0,"menu_order":0,"comment_status":"closed","ping_status":"closed","template":"page-blank.php","meta":{"footnotes":""},"_links":{"self":[{"href":"https:\/\/equilibriumdyc.com.co\/index.php?rest_route=\/wp\/v2\/pages\/180"}],"collection":[{"href":"https:\/\/equilibriumdyc.com.co\/index.php?rest_route=\/wp\/v2\/pages"}],"about":[{"href":"https:\/\/equilibriumdyc.com.co\/index.php?rest_route=\/wp\/v2\/types\/page"}],"author":[{"embeddable":true,"href":"https:\/\/equilibriumdyc.com.co\/index.php?rest_route=\/wp\/v2\/users\/1"}],"replies":[{"embeddable":true,"href":"https:\/\/equilibriumdyc.com.co\/index.php?rest_route=%2Fwp%2Fv2%2Fcomments&post=180"}],"version-history":[{"count":5,"href":"https:\/\/equilibriumdyc.com.co\/index.php?rest_route=\/wp\/v2\/pages\/180\/revisions"}],"predecessor-version":[{"id":460,"href":"https:\/\/equilibriumdyc.com.co\/index.php?rest_route=\/wp\/v2\/pages\/180\/revisions\/460"}],"wp:attachment":[{"href":"https:\/\/equilibriumdyc.com.co\/index.php?rest_route=%2Fwp%2Fv2%2Fmedia&parent=180"}],"curies":[{"name":"wp","href":"https:\/\/api.w.org\/{rel}","templated":true}]}}