{"id":199,"date":"2024-03-05T14:14:01","date_gmt":"2024-03-05T19:14:01","guid":{"rendered":"https:\/\/equilibriumdyc.com.co\/?page_id=199"},"modified":"2024-03-17T14:51:29","modified_gmt":"2024-03-17T19:51:29","slug":"flyngsquirrel","status":"publish","type":"page","link":"https:\/\/equilibriumdyc.com.co\/?page_id=199","title":{"rendered":"Flyngsquirrel"},"content":{"rendered":"\n\t<section class=\"section\" id=\"section_710710503\">\n\t\t<div class=\"bg section-bg fill bg-fill  \" >\n\n\t\t\t\n\t\t\t<div class=\"section-bg-overlay absolute fill\"><\/div>\n\t\t\t\n\n\t\t<\/div>\n\n\t\t\n\n\t\t<div class=\"section-content relative\">\n\t\t\t\n\n<div class=\"row align-center\"  id=\"row-964723687\">\n\n\n\t<div id=\"col-1719325082\" class=\"col medium-7 small-12 large-9\"  data-animate=\"fadeInUp\">\n\t\t\t\t<div class=\"col-inner text-center\"  >\n\t\t\t\n\t\t\t\n\n\t<div id=\"gap-129987259\" class=\"gap-element clearfix\" style=\"display:block; height:auto;\">\n\t\t\n<style>\n#gap-129987259 {\n  padding-top: 30px;\n}\n@media (min-width:850px) {\n  #gap-129987259 {\n    padding-top: 60px;\n  }\n}\n<\/style>\n\t<\/div>\n\t\n\n\t<div id=\"text-262660661\" class=\"text\">\n\t\t\n\n<h1><span style=\"color: #ffffff;\">Flyngsquirrel<\/span><\/h1>\n\t\t\n<style>\n#text-262660661 {\n  font-size: 1.6rem;\n}\n<\/style>\n\t<\/div>\n\t\n<div class=\"is-divider divider clearfix\" style=\"background-color:rgb(255, 255, 255);\"><\/div>\n\n\t<div id=\"gap-2118959206\" class=\"gap-element clearfix\" style=\"display:block; height:auto;\">\n\t\t\n<style>\n#gap-2118959206 {\n  padding-top: 30px;\n}\n@media (min-width:850px) {\n  #gap-2118959206 {\n    padding-top: 50px;\n  }\n}\n<\/style>\n\t<\/div>\n\t\n\n\n\t\t<\/div>\n\t\t\t\t\t<\/div>\n\n\t\n\n<\/div>\n\n\t\t<\/div>\n\n\t\t\n<style>\n#section_710710503 {\n  padding-top: 0px;\n  padding-bottom: 0px;\n}\n#section_710710503 .section-bg-overlay {\n  background-color: rgba(0,0,0,.5);\n}\n#section_710710503 .section-bg.bg-loaded {\n  background-image: url(https:\/\/equilibriumdyc.com.co\/wp-content\/uploads\/2024\/03\/flatsomebilder-3-of-4.jpg);\n}\n<\/style>\n\t<\/section>\n\t\n\t<div id=\"gap-530383704\" class=\"gap-element clearfix\" style=\"display:block; height:auto;\">\n\t\t\n<style>\n#gap-530383704 {\n  padding-top: 5px;\n}\n<\/style>\n\t<\/div>\n\t\n\n<div class=\"row row-collapse row-full-width align-middle\"  id=\"row-1816141898\">\n\n\n\t<div id=\"col-1896197970\" class=\"col medium-12 small-12 large-6\"  >\n\t\t\t\t<div class=\"col-inner\"  >\n\t\t\t\n\t\t\t\n\n  <div class=\"banner-grid-wrapper\">\n  <div id=\"banner-grid-1476030554\" class=\"banner-grid row row-grid row-xsmall row-full-width\" data-packery-options=\"\">\n                      \n\n<div class=\"col grid-col small-4 large-6 grid-col-2-3\" ><div class=\"col-inner\">\n\n\n  <div class=\"banner has-hover\" id=\"banner-1677853532\">\n          <div class=\"banner-inner fill\">\n        <div class=\"banner-bg fill\" >\n            <div class=\"bg fill bg-fill \"><\/div>\n                                    \n                    <\/div>\n\t\t\n        <div class=\"banner-layers container\">\n            <div class=\"fill banner-link\"><\/div>            \n\n   <div id=\"text-box-933259481\" class=\"text-box banner-layer x50 md-x50 lg-x50 y50 md-y50 lg-y50 res-text\">\n                                <div class=\"text-box-content text dark\">\n              \n              <div class=\"text-inner text-center\">\n                  \n\n\n              <\/div>\n           <\/div>\n                            \n<style>\n#text-box-933259481 {\n  width: 60%;\n}\n#text-box-933259481 .text-box-content {\n  font-size: 100%;\n}\n@media (min-width:550px) {\n  #text-box-933259481 {\n    width: 60%;\n  }\n}\n<\/style>\n    <\/div>\n \n\n        <\/div>\n      <\/div>\n\n            \n<style>\n#banner-1677853532 {\n  padding-top: 500px;\n  background-color: rgba(255, 255, 255, 0);\n}\n#banner-1677853532 .bg.bg-loaded {\n  background-image: url(https:\/\/equilibriumdyc.com.co\/wp-content\/uploads\/2024\/03\/IMG_20231110_102600992_HDR-768x1024.jpg);\n}\n#banner-1677853532 .bg {\n  background-position: 100% 61%;\n}\n<\/style>\n  <\/div>\n\n\n\n<\/div><\/div>\n<div class=\"col grid-col small-8 large-6 grid-col-1-3\" ><div class=\"col-inner\">\n\n\n  <div class=\"banner has-hover\" id=\"banner-658599928\">\n          <div class=\"banner-inner fill\">\n        <div class=\"banner-bg fill\" >\n            <div class=\"bg fill bg-fill \"><\/div>\n                                    \n                    <\/div>\n\t\t\n        <div class=\"banner-layers container\">\n            <div class=\"fill banner-link\"><\/div>            \n\n   <div id=\"text-box-1989810572\" class=\"text-box banner-layer x50 md-x50 lg-x50 y50 md-y50 lg-y50 res-text\">\n                                <div class=\"text-box-content text dark\">\n              \n              <div class=\"text-inner text-center\">\n                  \n\n\n              <\/div>\n           <\/div>\n                            \n<style>\n#text-box-1989810572 {\n  width: 60%;\n}\n#text-box-1989810572 .text-box-content {\n  font-size: 100%;\n}\n@media (min-width:550px) {\n  #text-box-1989810572 {\n    width: 60%;\n  }\n}\n<\/style>\n    <\/div>\n \n\n        <\/div>\n      <\/div>\n\n            \n<style>\n#banner-658599928 {\n  padding-top: 500px;\n  background-color: rgba(255, 255, 255, 0);\n}\n#banner-658599928 .bg.bg-loaded {\n  background-image: url(https:\/\/equilibriumdyc.com.co\/wp-content\/uploads\/2024\/03\/IMG_20231110_102628906_HDR-1024x768.jpg);\n}\n#banner-658599928 .bg {\n  background-position: 100% 100%;\n}\n<\/style>\n  <\/div>\n\n\n\n<\/div><\/div>\n<div class=\"col grid-col small-12 large-6 grid-col-2-3\" ><div class=\"col-inner\">\n\n\n  <div class=\"banner has-hover\" id=\"banner-911260949\">\n          <div class=\"banner-inner fill\">\n        <div class=\"banner-bg fill\" >\n            <div class=\"bg fill bg-fill \"><\/div>\n                                    \n                    <\/div>\n\t\t\n        <div class=\"banner-layers container\">\n            <div class=\"fill banner-link\"><\/div>            \n\n   <div id=\"text-box-1928666080\" class=\"text-box banner-layer x50 md-x50 lg-x50 y50 md-y50 lg-y50 res-text\">\n                                <div class=\"text-box-content text dark\">\n              \n              <div class=\"text-inner text-center\">\n                  \n\n\n              <\/div>\n           <\/div>\n                            \n<style>\n#text-box-1928666080 {\n  width: 60%;\n}\n#text-box-1928666080 .text-box-content {\n  font-size: 100%;\n}\n@media (min-width:550px) {\n  #text-box-1928666080 {\n    width: 60%;\n  }\n}\n<\/style>\n    <\/div>\n \n\n        <\/div>\n      <\/div>\n\n            \n<style>\n#banner-911260949 {\n  padding-top: 500px;\n  background-color: rgba(255, 255, 255, 0);\n}\n#banner-911260949 .bg.bg-loaded {\n  background-image: url(https:\/\/equilibriumdyc.com.co\/wp-content\/uploads\/2024\/03\/IMG_20231110_102624768_HDR-1024x768.jpg);\n}\n#banner-911260949 .bg {\n  background-position: 97% 71%;\n}\n<\/style>\n  <\/div>\n\n\n\n<\/div><\/div>\n<div class=\"col grid-col small-8 large-6 grid-col-1-3\" ><div class=\"col-inner\">\n\n\n  <div class=\"banner has-hover\" id=\"banner-1989211526\">\n          <div class=\"banner-inner fill\">\n        <div class=\"banner-bg fill\" >\n            <div class=\"bg fill bg-fill \"><\/div>\n                                    \n                    <\/div>\n\t\t\n        <div class=\"banner-layers container\">\n            <div class=\"fill banner-link\"><\/div>            \n\n   <div id=\"text-box-740890369\" class=\"text-box banner-layer x50 md-x50 lg-x50 y50 md-y50 lg-y50 res-text\">\n                                <div class=\"text-box-content text dark\">\n              \n              <div class=\"text-inner text-center\">\n                  \n\n\n              <\/div>\n           <\/div>\n                            \n<style>\n#text-box-740890369 {\n  width: 60%;\n}\n#text-box-740890369 .text-box-content {\n  font-size: 100%;\n}\n@media (min-width:550px) {\n  #text-box-740890369 {\n    width: 60%;\n  }\n}\n<\/style>\n    <\/div>\n \n\n        <\/div>\n      <\/div>\n\n            \n<style>\n#banner-1989211526 {\n  padding-top: 500px;\n  background-color: rgba(255, 255, 255, 0);\n}\n#banner-1989211526 .bg.bg-loaded {\n  background-image: url(https:\/\/equilibriumdyc.com.co\/wp-content\/uploads\/2024\/03\/IMG_20231110_102624768_HDR-1024x768.jpg);\n}\n#banner-1989211526 .bg {\n  background-position: 49% 53%;\n}\n<\/style>\n  <\/div>\n\n\n\n<\/div><\/div>\n\n            <\/div>\n    <style>\n    #banner-grid-1476030554 .grid-col-1{height: 700px}\n    #banner-grid-1476030554 .grid-col-1-2{height: 350px}\n    #banner-grid-1476030554 .grid-col-1-3{height:233.33333333333px}\n    #banner-grid-1476030554 .grid-col-2-3{height: 466.66666666667px}\n    #banner-grid-1476030554 .grid-col-1-4{height: 175px}\n    #banner-grid-1476030554 .grid-col-3-4{height: 525px}\n\n\n        \/* Tablet *\/\n    @media (max-width: 850px){\n      #banner-grid-1476030554 .grid-col-1{height: 500px}\n      #banner-grid-1476030554 .grid-col-1-2{height: 250px}\n      #banner-grid-1476030554 .grid-col-1-3{height:166.66666666667px}\n      #banner-grid-1476030554 .grid-col-2-3{height: 333.33333333333px}\n      #banner-grid-1476030554 .grid-col-1-4{height: 125px}\n      #banner-grid-1476030554 .grid-col-3-4{height: 375px}\n    }\n    \n    \n\n  <\/style>\n    <\/div>\n  \n\n\t\t<\/div>\n\t\t\t\t\t<\/div>\n\n\t\n\n\t<div id=\"col-920173244\" class=\"col medium-12 small-12 large-6\"  >\n\t\t\t\t<div class=\"col-inner\"  >\n\t\t\t\n\t\t\t\n\n\t<section class=\"section\" id=\"section_757553162\">\n\t\t<div class=\"bg section-bg fill bg-fill  \" >\n\n\t\t\t\n\t\t\t<div class=\"section-bg-overlay absolute fill\"><\/div>\n\t\t\t\n\n\t\t<\/div>\n\n\t\t\n\n\t\t<div class=\"section-content relative\">\n\t\t\t\n\n<div class=\"row align-center\"  id=\"row-413892570\">\n\n\n\t<div id=\"col-1133738339\" class=\"col medium-11 small-12 large-11\"  >\n\t\t\t\t<div class=\"col-inner\"  >\n\t\t\t\n\t\t\t\n\n\t<div id=\"gap-859525597\" class=\"gap-element clearfix\" style=\"display:block; height:auto;\">\n\t\t\n<style>\n#gap-859525597 {\n  padding-top: 30px;\n}\n<\/style>\n\t<\/div>\n\t\n\n\t<div id=\"text-1858373848\" class=\"text\">\n\t\t\n\n<h1>El proyecto<\/h1>\n\t\t\n<style>\n#text-1858373848 {\n  font-size: 1.25rem;\n  line-height: 0.75;\n  color: rgb(255, 255, 255);\n}\n#text-1858373848 > * {\n  color: rgb(255, 255, 255);\n}\n<\/style>\n\t<\/div>\n\t\n\t<div id=\"text-614721804\" class=\"text\">\n\t\t\n\n<p><span style=\"font-weight: 400;\">Potencializaci\u00f3n de la marca, mejoramiento y ampliaci\u00f3n de los espacios para un m\u00e1ximo aprovechamiento.<\/span><\/p>\n\t\t\n<style>\n#text-614721804 {\n  color: rgb(255, 255, 255);\n}\n#text-614721804 > * {\n  color: rgb(255, 255, 255);\n}\n<\/style>\n\t<\/div>\n\t\n<a href=\"https:\/\/wa.link\/b77j9x\" class=\"button secondary is-underline\"  >\n    <span>CONTACTAR<\/span>\n  <\/a>\n\n\n\n\t\t<\/div>\n\t\t\t\t\t<\/div>\n\n\t\n\n<\/div>\n\n\t\t<\/div>\n\n\t\t\n<style>\n#section_757553162 {\n  padding-top: 0px;\n  padding-bottom: 0px;\n  min-height: 400px;\n}\n#section_757553162 .section-bg-overlay {\n  background-color: rgba(0,0,0,.5);\n}\n#section_757553162 .section-bg.bg-loaded {\n  background-image: url(https:\/\/equilibriumdyc.com.co\/wp-content\/uploads\/2024\/03\/flatsomebilder-3-of-4.jpg);\n}\n@media (min-width:850px) {\n  #section_757553162 {\n    min-height: 700px;\n  }\n}\n<\/style>\n\t<\/section>\n\t\n\n\t\t<\/div>\n\t\t\t\t\t<\/div>\n\n\t\n\n<\/div>\n\n","protected":false},"excerpt":{"rendered":"","protected":false},"author":2,"featured_media":0,"parent":0,"menu_order":0,"comment_status":"closed","ping_status":"closed","template":"page-blank.php","meta":{"footnotes":""},"_links":{"self":[{"href":"https:\/\/equilibriumdyc.com.co\/index.php?rest_route=\/wp\/v2\/pages\/199"}],"collection":[{"href":"https:\/\/equilibriumdyc.com.co\/index.php?rest_route=\/wp\/v2\/pages"}],"about":[{"href":"https:\/\/equilibriumdyc.com.co\/index.php?rest_route=\/wp\/v2\/types\/page"}],"author":[{"embeddable":true,"href":"https:\/\/equilibriumdyc.com.co\/index.php?rest_route=\/wp\/v2\/users\/2"}],"replies":[{"embeddable":true,"href":"https:\/\/equilibriumdyc.com.co\/index.php?rest_route=%2Fwp%2Fv2%2Fcomments&post=199"}],"version-history":[{"count":7,"href":"https:\/\/equilibriumdyc.com.co\/index.php?rest_route=\/wp\/v2\/pages\/199\/revisions"}],"predecessor-version":[{"id":495,"href":"https:\/\/equilibriumdyc.com.co\/index.php?rest_route=\/wp\/v2\/pages\/199\/revisions\/495"}],"wp:attachment":[{"href":"https:\/\/equilibriumdyc.com.co\/index.php?rest_route=%2Fwp%2Fv2%2Fmedia&parent=199"}],"curies":[{"name":"wp","href":"https:\/\/api.w.org\/{rel}","templated":true}]}}