{"id":311,"date":"2024-03-05T17:09:06","date_gmt":"2024-03-05T22:09:06","guid":{"rendered":"https:\/\/equilibriumdyc.com.co\/?page_id=311"},"modified":"2024-03-26T18:33:32","modified_gmt":"2024-03-26T23:33:32","slug":"diseno-etapa-2-vivienda-campestre-ay-que-frio-2","status":"publish","type":"page","link":"https:\/\/equilibriumdyc.com.co\/?page_id=311","title":{"rendered":"Dise\u00f1o etapa II Vivienda Campestre Ay qu\u00e9 Fr\u00edo"},"content":{"rendered":"\n\t<section class=\"section\" id=\"section_53395089\">\n\t\t<div class=\"bg section-bg fill bg-fill  \" >\n\n\t\t\t\n\t\t\t<div class=\"section-bg-overlay absolute fill\"><\/div>\n\t\t\t\n\n\t\t<\/div>\n\n\t\t\n\n\t\t<div class=\"section-content relative\">\n\t\t\t\n\n<div class=\"row align-center\"  id=\"row-98706013\">\n\n\n\t<div id=\"col-1628306005\" class=\"col medium-7 small-12 large-10\"  data-animate=\"fadeInUp\">\n\t\t\t\t<div class=\"col-inner text-center\"  >\n\t\t\t\n\t\t\t\n\n\t<div id=\"gap-1010305096\" class=\"gap-element clearfix\" style=\"display:block; height:auto;\">\n\t\t\n<style>\n#gap-1010305096 {\n  padding-top: 30px;\n}\n@media (min-width:850px) {\n  #gap-1010305096 {\n    padding-top: 60px;\n  }\n}\n<\/style>\n\t<\/div>\n\t\n\n\t<div id=\"text-3993350871\" class=\"text\">\n\t\t\n\n<h1>Dise\u00f1o etapa II Vivienda Campestre<\/h1>\n<h1>Ay qu\u00e9 Fr\u00edo<\/h1>\n\t\t\n<style>\n#text-3993350871 {\n  font-size: 1.6rem;\n  color: rgb(255,255,255);\n}\n#text-3993350871 > * {\n  color: rgb(255,255,255);\n}\n<\/style>\n\t<\/div>\n\t\n<div class=\"is-divider divider clearfix\" style=\"background-color:rgb(255, 255, 255);\"><\/div>\n\n\t<div id=\"gap-549827862\" class=\"gap-element clearfix\" style=\"display:block; height:auto;\">\n\t\t\n<style>\n#gap-549827862 {\n  padding-top: 30px;\n}\n@media (min-width:850px) {\n  #gap-549827862 {\n    padding-top: 50px;\n  }\n}\n<\/style>\n\t<\/div>\n\t\n\n\n\t\t<\/div>\n\t\t\t\t\t<\/div>\n\n\t\n\n<\/div>\n\n\t\t<\/div>\n\n\t\t\n<style>\n#section_53395089 {\n  padding-top: 0px;\n  padding-bottom: 0px;\n}\n#section_53395089 .section-bg-overlay {\n  background-color: rgba(0,0,0,.5);\n}\n#section_53395089 .section-bg.bg-loaded {\n  background-image: url(https:\/\/equilibriumdyc.com.co\/wp-content\/uploads\/2024\/03\/flatsomebilder-3-of-4.jpg);\n}\n<\/style>\n\t<\/section>\n\t\n\t<div id=\"gap-1394312178\" class=\"gap-element clearfix\" style=\"display:block; height:auto;\">\n\t\t\n<style>\n#gap-1394312178 {\n  padding-top: 5px;\n}\n<\/style>\n\t<\/div>\n\t\n\n<div class=\"row row-collapse row-full-width align-middle\"  id=\"row-1615224525\">\n\n\n\t<div id=\"col-880227697\" class=\"col medium-12 small-12 large-6\"  >\n\t\t\t\t<div class=\"col-inner\"  >\n\t\t\t\n\t\t\t\n\n\t<section class=\"section\" id=\"section_1768223548\">\n\t\t<div class=\"bg section-bg fill bg-fill  \" >\n\n\t\t\t\n\t\t\t\n\t\t\t\n\n\t\t<\/div>\n\n\t\t\n\n\t\t<div class=\"section-content relative\">\n\t\t\t\n\n\n\t\t<\/div>\n\n\t\t\n<style>\n#section_1768223548 {\n  padding-top: 0px;\n  padding-bottom: 0px;\n  min-height: 400px;\n}\n#section_1768223548 .section-bg.bg-loaded {\n  background-image: url(https:\/\/equilibriumdyc.com.co\/wp-content\/uploads\/2024\/03\/I-1-.png);\n}\n@media (min-width:850px) {\n  #section_1768223548 {\n    min-height: 700px;\n  }\n}\n<\/style>\n\t<\/section>\n\t\n\n\t\t<\/div>\n\t\t\t\t\t<\/div>\n\n\t\n\n\t<div id=\"col-1763564316\" class=\"col medium-12 small-12 large-6\"  >\n\t\t\t\t<div class=\"col-inner\"  >\n\t\t\t\n\t\t\t\n\n\t<section class=\"section\" id=\"section_618489777\">\n\t\t<div class=\"bg section-bg fill bg-fill  \" >\n\n\t\t\t\n\t\t\t<div class=\"section-bg-overlay absolute fill\"><\/div>\n\t\t\t\n\n\t\t<\/div>\n\n\t\t\n\n\t\t<div class=\"section-content relative\">\n\t\t\t\n\n<div class=\"row align-center\"  id=\"row-2059866622\">\n\n\n\t<div id=\"col-1022809459\" class=\"col medium-11 small-12 large-11\"  >\n\t\t\t\t<div class=\"col-inner\"  >\n\t\t\t\n\t\t\t\n\n\t<div id=\"gap-632273947\" class=\"gap-element clearfix\" style=\"display:block; height:auto;\">\n\t\t\n<style>\n#gap-632273947 {\n  padding-top: 30px;\n}\n<\/style>\n\t<\/div>\n\t\n\n\t<div id=\"text-1742839532\" class=\"text\">\n\t\t\n\n<h1>El proyecto<\/h1>\n\t\t\n<style>\n#text-1742839532 {\n  font-size: 1.25rem;\n  line-height: 0.75;\n  color: rgb(255, 255, 255);\n}\n#text-1742839532 > * {\n  color: rgb(255, 255, 255);\n}\n<\/style>\n\t<\/div>\n\t\n\t<div id=\"text-53601987\" class=\"text\">\n\t\t\n\n<p>Ampliaci\u00f3n ajustada al lenguaje de los elementos arquitect\u00f3nicos existentes, aprovechando el paisaje natural circundante.<\/p>\n\t\t\n<style>\n#text-53601987 {\n  color: rgb(255, 255, 255);\n}\n#text-53601987 > * {\n  color: rgb(255, 255, 255);\n}\n<\/style>\n\t<\/div>\n\t\n<a href=\"https:\/\/wa.link\/b77j9x\" class=\"button secondary is-underline\"  >\n    <span>CONTACTAR<\/span>\n  <\/a>\n\n\n\n\t\t<\/div>\n\t\t\t\t\t<\/div>\n\n\t\n\n<\/div>\n\n\t\t<\/div>\n\n\t\t\n<style>\n#section_618489777 {\n  padding-top: 0px;\n  padding-bottom: 0px;\n  min-height: 400px;\n}\n#section_618489777 .section-bg-overlay {\n  background-color: rgba(0,0,0,.5);\n}\n#section_618489777 .section-bg.bg-loaded {\n  background-image: url(https:\/\/equilibriumdyc.com.co\/wp-content\/uploads\/2024\/03\/flatsomebilder-3-of-4.jpg);\n}\n@media (min-width:850px) {\n  #section_618489777 {\n    min-height: 700px;\n  }\n}\n<\/style>\n\t<\/section>\n\t\n\n\t\t<\/div>\n\t\t\t\t\t<\/div>\n\n\t\n\n<\/div>\n\n","protected":false},"excerpt":{"rendered":"","protected":false},"author":1,"featured_media":0,"parent":0,"menu_order":0,"comment_status":"closed","ping_status":"closed","template":"page-blank.php","meta":{"footnotes":""},"_links":{"self":[{"href":"https:\/\/equilibriumdyc.com.co\/index.php?rest_route=\/wp\/v2\/pages\/311"}],"collection":[{"href":"https:\/\/equilibriumdyc.com.co\/index.php?rest_route=\/wp\/v2\/pages"}],"about":[{"href":"https:\/\/equilibriumdyc.com.co\/index.php?rest_route=\/wp\/v2\/types\/page"}],"author":[{"embeddable":true,"href":"https:\/\/equilibriumdyc.com.co\/index.php?rest_route=\/wp\/v2\/users\/1"}],"replies":[{"embeddable":true,"href":"https:\/\/equilibriumdyc.com.co\/index.php?rest_route=%2Fwp%2Fv2%2Fcomments&post=311"}],"version-history":[{"count":25,"href":"https:\/\/equilibriumdyc.com.co\/index.php?rest_route=\/wp\/v2\/pages\/311\/revisions"}],"predecessor-version":[{"id":543,"href":"https:\/\/equilibriumdyc.com.co\/index.php?rest_route=\/wp\/v2\/pages\/311\/revisions\/543"}],"wp:attachment":[{"href":"https:\/\/equilibriumdyc.com.co\/index.php?rest_route=%2Fwp%2Fv2%2Fmedia&parent=311"}],"curies":[{"name":"wp","href":"https:\/\/api.w.org\/{rel}","templated":true}]}}