{"id":99,"date":"2024-03-03T18:44:16","date_gmt":"2024-03-03T23:44:16","guid":{"rendered":"https:\/\/equilibriumdyc.com.co\/?page_id=99"},"modified":"2024-03-17T14:48:36","modified_gmt":"2024-03-17T19:48:36","slug":"oficinas-clave-seguridad","status":"publish","type":"page","link":"https:\/\/equilibriumdyc.com.co\/?page_id=99","title":{"rendered":"Oficinas Clave Seguridad"},"content":{"rendered":"\n\t<section class=\"section\" id=\"section_402281530\">\n\t\t<div class=\"bg section-bg fill bg-fill  \" >\n\n\t\t\t\n\t\t\t<div class=\"section-bg-overlay absolute fill\"><\/div>\n\t\t\t\n\n\t\t<\/div>\n\n\t\t\n\n\t\t<div class=\"section-content relative\">\n\t\t\t\n\n<div class=\"row align-center\"  id=\"row-1625145667\">\n\n\n\t<div id=\"col-252456899\" class=\"col medium-7 small-12 large-9\"  data-animate=\"fadeInUp\">\n\t\t\t\t<div class=\"col-inner text-center\"  >\n\t\t\t\n\t\t\t\n\n\t<div id=\"gap-1264474877\" class=\"gap-element clearfix\" style=\"display:block; height:auto;\">\n\t\t\n<style>\n#gap-1264474877 {\n  padding-top: 30px;\n}\n@media (min-width:850px) {\n  #gap-1264474877 {\n    padding-top: 60px;\n  }\n}\n<\/style>\n\t<\/div>\n\t\n\n\t<div id=\"text-2558041267\" class=\"text\">\n\t\t\n\n<h1><span style=\"color: #ffffff;\"><strong>Oficinas Clave Seguridad<\/strong><\/span><\/h1>\n\t\t\n<style>\n#text-2558041267 {\n  font-size: 1.6rem;\n}\n<\/style>\n\t<\/div>\n\t\n<div class=\"is-divider divider clearfix\" style=\"background-color:rgb(255, 255, 255);\"><\/div>\n\n\t<div id=\"gap-1280781756\" class=\"gap-element clearfix\" style=\"display:block; height:auto;\">\n\t\t\n<style>\n#gap-1280781756 {\n  padding-top: 30px;\n}\n@media (min-width:850px) {\n  #gap-1280781756 {\n    padding-top: 50px;\n  }\n}\n<\/style>\n\t<\/div>\n\t\n\n\n\t\t<\/div>\n\t\t\t\t\t<\/div>\n\n\t\n\n<\/div>\n\n\t\t<\/div>\n\n\t\t\n<style>\n#section_402281530 {\n  padding-top: 0px;\n  padding-bottom: 0px;\n}\n#section_402281530 .section-bg-overlay {\n  background-color: rgba(0,0,0,.5);\n}\n#section_402281530 .section-bg.bg-loaded {\n  background-image: url(https:\/\/equilibriumdyc.com.co\/wp-content\/uploads\/2024\/03\/flatsomebilder-3-of-4.jpg);\n}\n<\/style>\n\t<\/section>\n\t\n\t<section class=\"section\" id=\"section_87061266\">\n\t\t<div class=\"bg section-bg fill bg-fill  bg-loaded\" >\n\n\t\t\t\n\t\t\t\n\t\t\t\n\n\t\t<\/div>\n\n\t\t\n\n\t\t<div class=\"section-content relative\">\n\t\t\t\n\n<div class=\"row row-collapse row-full-width\"  id=\"row-1705735152\">\n\n\n\t<div id=\"col-1950701089\" class=\"col medium-3 small-6 large-3\"  data-animate=\"fadeInUp\">\n\t\t\t\t<div class=\"col-inner\"  >\n\t\t\t\n\t\t\t\n\n\n  <div class=\"banner has-hover\" id=\"banner-6875903\">\n          <div class=\"banner-inner fill\">\n        <div class=\"banner-bg fill\" >\n            <div class=\"bg fill bg-fill \"><\/div>\n                                    \n                    <\/div>\n\t\t\n        <div class=\"banner-layers container\">\n            <div class=\"fill banner-link\"><\/div>            \n\n   <div id=\"text-box-1351728367\" class=\"text-box banner-layer x50 md-x50 lg-x50 y50 md-y50 lg-y50 res-text\">\n                                <div class=\"text-box-content text dark\">\n              \n              <div class=\"text-inner text-center\">\n                  \n\n\n              <\/div>\n           <\/div>\n                            \n<style>\n#text-box-1351728367 {\n  width: 60%;\n}\n#text-box-1351728367 .text-box-content {\n  font-size: 100%;\n}\n@media (min-width:550px) {\n  #text-box-1351728367 {\n    width: 100%;\n  }\n}\n<\/style>\n    <\/div>\n \n\n        <\/div>\n      <\/div>\n\n            \n<style>\n#banner-6875903 {\n  padding-top: 99.99%;\n  background-color: rgba(255, 255, 255, 0);\n}\n#banner-6875903 .bg.bg-loaded {\n  background-image: url(https:\/\/equilibriumdyc.com.co\/wp-content\/uploads\/2024\/03\/C2-1024x768.jpg);\n}\n<\/style>\n  <\/div>\n\n\n\n\t\t<\/div>\n\t\t\t\t\t<\/div>\n\n\t\n\n\t<div id=\"col-1134561713\" class=\"col medium-3 small-6 large-3\"  data-animate=\"fadeInUp\">\n\t\t\t\t<div class=\"col-inner\"  >\n\t\t\t\n\t\t\t\n\n\n  <div class=\"banner has-hover\" id=\"banner-966086712\">\n          <div class=\"banner-inner fill\">\n        <div class=\"banner-bg fill\" >\n            <div class=\"bg fill bg-fill \"><\/div>\n                                    \n                    <\/div>\n\t\t\n        <div class=\"banner-layers container\">\n            <div class=\"fill banner-link\"><\/div>            \n\n   <div id=\"text-box-1662328150\" class=\"text-box banner-layer x50 md-x50 lg-x50 y50 md-y50 lg-y50 res-text\">\n                                <div class=\"text-box-content text dark\">\n              \n              <div class=\"text-inner text-center\">\n                  \n\n\n              <\/div>\n           <\/div>\n                            \n<style>\n#text-box-1662328150 {\n  width: 60%;\n}\n#text-box-1662328150 .text-box-content {\n  font-size: 100%;\n}\n@media (min-width:550px) {\n  #text-box-1662328150 {\n    width: 60%;\n  }\n}\n<\/style>\n    <\/div>\n \n\n        <\/div>\n      <\/div>\n\n            \n<style>\n#banner-966086712 {\n  padding-top: 99.99%;\n  background-color: rgba(255, 255, 255, 0);\n}\n#banner-966086712 .bg.bg-loaded {\n  background-image: url(https:\/\/equilibriumdyc.com.co\/wp-content\/uploads\/2024\/03\/C9-1024x768.jpg);\n}\n#banner-966086712 .bg {\n  background-position: 42% 59%;\n}\n<\/style>\n  <\/div>\n\n\n\n\t\t<\/div>\n\t\t\t\t\t<\/div>\n\n\t\n\n\t<div id=\"col-1394301745\" class=\"col medium-3 small-6 large-3\"  data-animate=\"fadeInUp\">\n\t\t\t\t<div class=\"col-inner\"  >\n\t\t\t\n\t\t\t\n\n\n  <div class=\"banner has-hover\" id=\"banner-1392659007\">\n          <div class=\"banner-inner fill\">\n        <div class=\"banner-bg fill\" >\n            <div class=\"bg fill bg-fill \"><\/div>\n                                    \n                    <\/div>\n\t\t\n        <div class=\"banner-layers container\">\n            <div class=\"fill banner-link\"><\/div>            \n\n   <div id=\"text-box-1036857204\" class=\"text-box banner-layer x50 md-x50 lg-x50 y50 md-y50 lg-y50 res-text\">\n                                <div class=\"text-box-content text dark\">\n              \n              <div class=\"text-inner text-center\">\n                  \n\n\n              <\/div>\n           <\/div>\n                            \n<style>\n#text-box-1036857204 {\n  width: 60%;\n}\n#text-box-1036857204 .text-box-content {\n  font-size: 100%;\n}\n@media (min-width:550px) {\n  #text-box-1036857204 {\n    width: 60%;\n  }\n}\n<\/style>\n    <\/div>\n \n\n        <\/div>\n      <\/div>\n\n            \n<style>\n#banner-1392659007 {\n  padding-top: 99.99%;\n  background-color: rgba(255, 255, 255, 0);\n}\n#banner-1392659007 .bg.bg-loaded {\n  background-image: url(https:\/\/equilibriumdyc.com.co\/wp-content\/uploads\/2024\/03\/C7-1024x768.jpg);\n}\n<\/style>\n  <\/div>\n\n\n\n\t\t<\/div>\n\t\t\t\t\t<\/div>\n\n\t\n\n\t<div id=\"col-739053505\" class=\"col medium-3 small-6 large-3\"  data-animate=\"fadeInUp\">\n\t\t\t\t<div class=\"col-inner\"  >\n\t\t\t\n\t\t\t\n\n\n  <div class=\"banner has-hover\" id=\"banner-1619709930\">\n          <div class=\"banner-inner fill\">\n        <div class=\"banner-bg fill\" >\n            <div class=\"bg fill bg-fill \"><\/div>\n                                    \n                    <\/div>\n\t\t\n        <div class=\"banner-layers container\">\n            <div class=\"fill banner-link\"><\/div>            \n\n   <div id=\"text-box-700400132\" class=\"text-box banner-layer x50 md-x50 lg-x50 y50 md-y50 lg-y50 res-text\">\n                                <div class=\"text-box-content text dark\">\n              \n              <div class=\"text-inner text-center\">\n                  \n\n<div class=\"video-button-wrapper\" style=\"font-size:200%\"><a href=\"http:\/\/equilibriumdyc.com.co\/wp-content\/uploads\/2024\/03\/20230317_154708.mp4\" class=\"button open-video icon circle is-outline is-xlarge\"><i class=\"icon-play\" style=\"font-size:1.5em;\" ><\/i><\/a><\/div>\n\n\n              <\/div>\n           <\/div>\n                            \n<style>\n#text-box-700400132 {\n  width: 60%;\n}\n#text-box-700400132 .text-box-content {\n  font-size: 100%;\n}\n@media (min-width:550px) {\n  #text-box-700400132 {\n    width: 60%;\n  }\n}\n<\/style>\n    <\/div>\n \n\n        <\/div>\n      <\/div>\n\n            \n<style>\n#banner-1619709930 {\n  padding-top: 99.99%;\n  background-color: rgba(255, 255, 255, 0);\n}\n#banner-1619709930 .bg.bg-loaded {\n  background-image: url(https:\/\/equilibriumdyc.com.co\/wp-content\/uploads\/2024\/03\/C10-768x1024.jpg);\n}\n<\/style>\n  <\/div>\n\n\n\n\t\t<\/div>\n\t\t\t\t\t<\/div>\n\n\t\n\n\n<style>\n#row-1705735152 > .col > .col-inner {\n  padding: 0px 5px 0px 0px;\n}\n<\/style>\n<\/div>\n\n\t\t<\/div>\n\n\t\t\n<style>\n#section_87061266 {\n  padding-top: 5px;\n  padding-bottom: 5px;\n}\n<\/style>\n\t<\/section>\n\t\n<div class=\"row row-collapse row-full-width align-middle\"  id=\"row-364880461\">\n\n\n\t<div id=\"col-698958618\" class=\"col medium-12 small-12 large-6\"  >\n\t\t\t\t<div class=\"col-inner\"  >\n\t\t\t\n\t\t\t\n\n  <div class=\"banner-grid-wrapper\">\n  <div id=\"banner-grid-194124818\" class=\"banner-grid row row-grid row-xsmall row-full-width\" data-packery-options=\"\">\n                      \n\n<div class=\"col grid-col small-4 large-6 grid-col-2-3\" ><div class=\"col-inner\">\n\n\n  <div class=\"banner has-hover\" id=\"banner-1766611638\">\n          <div class=\"banner-inner fill\">\n        <div class=\"banner-bg fill\" >\n            <div class=\"bg fill bg-fill \"><\/div>\n                                    \n                    <\/div>\n\t\t\n        <div class=\"banner-layers container\">\n            <div class=\"fill banner-link\"><\/div>            \n\n   <div id=\"text-box-1784019244\" class=\"text-box banner-layer x50 md-x50 lg-x50 y50 md-y50 lg-y50 res-text\">\n                                <div class=\"text-box-content text dark\">\n              \n              <div class=\"text-inner text-center\">\n                  \n\n\n              <\/div>\n           <\/div>\n                            \n<style>\n#text-box-1784019244 {\n  width: 60%;\n}\n#text-box-1784019244 .text-box-content {\n  font-size: 100%;\n}\n@media (min-width:550px) {\n  #text-box-1784019244 {\n    width: 60%;\n  }\n}\n<\/style>\n    <\/div>\n \n\n        <\/div>\n      <\/div>\n\n            \n<style>\n#banner-1766611638 {\n  padding-top: 500px;\n  background-color: rgba(255, 255, 255, 0);\n}\n#banner-1766611638 .bg.bg-loaded {\n  background-image: url(https:\/\/equilibriumdyc.com.co\/wp-content\/uploads\/2024\/03\/C8-768x1024.jpg);\n}\n#banner-1766611638 .bg {\n  background-position: 52% 40%;\n}\n<\/style>\n  <\/div>\n\n\n\n<\/div><\/div>\n<div class=\"col grid-col small-8 large-6 grid-col-1-3\" ><div class=\"col-inner\">\n\n\n  <div class=\"banner has-hover\" id=\"banner-1095180493\">\n          <div class=\"banner-inner fill\">\n        <div class=\"banner-bg fill\" >\n            <div class=\"bg fill bg-fill \"><\/div>\n                                    \n                    <\/div>\n\t\t\n        <div class=\"banner-layers container\">\n            <div class=\"fill banner-link\"><\/div>            \n\n   <div id=\"text-box-2130780155\" class=\"text-box banner-layer x50 md-x50 lg-x50 y50 md-y50 lg-y50 res-text\">\n                                <div class=\"text-box-content text dark\">\n              \n              <div class=\"text-inner text-center\">\n                  \n\n\n              <\/div>\n           <\/div>\n                            \n<style>\n#text-box-2130780155 {\n  width: 60%;\n}\n#text-box-2130780155 .text-box-content {\n  font-size: 100%;\n}\n@media (min-width:550px) {\n  #text-box-2130780155 {\n    width: 60%;\n  }\n}\n<\/style>\n    <\/div>\n \n\n        <\/div>\n      <\/div>\n\n            \n<style>\n#banner-1095180493 {\n  padding-top: 500px;\n  background-color: rgba(255, 255, 255, 0);\n}\n#banner-1095180493 .bg.bg-loaded {\n  background-image: url(https:\/\/equilibriumdyc.com.co\/wp-content\/uploads\/2024\/03\/C5-768x1024.jpg);\n}\n#banner-1095180493 .bg {\n  background-position: 13% 67%;\n}\n<\/style>\n  <\/div>\n\n\n\n<\/div><\/div>\n<div class=\"col grid-col small-12 large-6 grid-col-2-3\" ><div class=\"col-inner\">\n\n\n  <div class=\"banner has-hover\" id=\"banner-20166264\">\n          <div class=\"banner-inner fill\">\n        <div class=\"banner-bg fill\" >\n            <div class=\"bg fill bg-fill \"><\/div>\n                                    \n                    <\/div>\n\t\t\n        <div class=\"banner-layers container\">\n            <div class=\"fill banner-link\"><\/div>            \n\n   <div id=\"text-box-423126141\" class=\"text-box banner-layer x50 md-x50 lg-x50 y50 md-y50 lg-y50 res-text\">\n                                <div class=\"text-box-content text dark\">\n              \n              <div class=\"text-inner text-center\">\n                  \n\n\n              <\/div>\n           <\/div>\n                            \n<style>\n#text-box-423126141 {\n  width: 60%;\n}\n#text-box-423126141 .text-box-content {\n  font-size: 100%;\n}\n@media (min-width:550px) {\n  #text-box-423126141 {\n    width: 60%;\n  }\n}\n<\/style>\n    <\/div>\n \n\n        <\/div>\n      <\/div>\n\n            \n<style>\n#banner-20166264 {\n  padding-top: 500px;\n  background-color: rgba(255, 255, 255, 0);\n}\n#banner-20166264 .bg.bg-loaded {\n  background-image: url(https:\/\/equilibriumdyc.com.co\/wp-content\/uploads\/2024\/03\/C3-1024x768.jpg);\n}\n#banner-20166264 .bg {\n  background-position: 34% 51%;\n}\n<\/style>\n  <\/div>\n\n\n\n<\/div><\/div>\n<div class=\"col grid-col small-8 large-6 grid-col-1-3\" ><div class=\"col-inner\">\n\n\n  <div class=\"banner has-hover\" id=\"banner-431840500\">\n          <div class=\"banner-inner fill\">\n        <div class=\"banner-bg fill\" >\n            <div class=\"bg fill bg-fill \"><\/div>\n                                    \n                    <\/div>\n\t\t\n        <div class=\"banner-layers container\">\n            <div class=\"fill banner-link\"><\/div>            \n\n   <div id=\"text-box-1836014670\" class=\"text-box banner-layer x50 md-x50 lg-x50 y50 md-y50 lg-y50 res-text\">\n                                <div class=\"text-box-content text dark\">\n              \n              <div class=\"text-inner text-center\">\n                  \n\n<div class=\"video-button-wrapper\" style=\"font-size:200%\"><a href=\"http:\/\/equilibriumdyc.com.co\/wp-content\/uploads\/2024\/03\/20230317_154955.mp4\" class=\"button open-video icon circle is-outline is-xlarge\"><i class=\"icon-play\" style=\"font-size:1.5em;\" ><\/i><\/a><\/div>\n\n\n              <\/div>\n           <\/div>\n                            \n<style>\n#text-box-1836014670 {\n  width: 60%;\n}\n#text-box-1836014670 .text-box-content {\n  font-size: 100%;\n}\n@media (min-width:550px) {\n  #text-box-1836014670 {\n    width: 60%;\n  }\n}\n<\/style>\n    <\/div>\n \n\n        <\/div>\n      <\/div>\n\n            \n<style>\n#banner-431840500 {\n  padding-top: 500px;\n  background-color: rgba(255, 255, 255, 0);\n}\n#banner-431840500 .bg.bg-loaded {\n  background-image: url(https:\/\/equilibriumdyc.com.co\/wp-content\/uploads\/2024\/03\/C4-768x1024.jpg);\n}\n#banner-431840500 .bg {\n  background-position: 49% 53%;\n}\n<\/style>\n  <\/div>\n\n\n\n<\/div><\/div>\n\n            <\/div>\n    <style>\n    #banner-grid-194124818 .grid-col-1{height: 700px}\n    #banner-grid-194124818 .grid-col-1-2{height: 350px}\n    #banner-grid-194124818 .grid-col-1-3{height:233.33333333333px}\n    #banner-grid-194124818 .grid-col-2-3{height: 466.66666666667px}\n    #banner-grid-194124818 .grid-col-1-4{height: 175px}\n    #banner-grid-194124818 .grid-col-3-4{height: 525px}\n\n\n        \/* Tablet *\/\n    @media (max-width: 850px){\n      #banner-grid-194124818 .grid-col-1{height: 500px}\n      #banner-grid-194124818 .grid-col-1-2{height: 250px}\n      #banner-grid-194124818 .grid-col-1-3{height:166.66666666667px}\n      #banner-grid-194124818 .grid-col-2-3{height: 333.33333333333px}\n      #banner-grid-194124818 .grid-col-1-4{height: 125px}\n      #banner-grid-194124818 .grid-col-3-4{height: 375px}\n    }\n    \n    \n\n  <\/style>\n    <\/div>\n  \n\n\t\t<\/div>\n\t\t\t\t\t<\/div>\n\n\t\n\n\t<div id=\"col-1199870692\" class=\"col medium-12 small-12 large-6\"  >\n\t\t\t\t<div class=\"col-inner\"  >\n\t\t\t\n\t\t\t\n\n\t<section class=\"section\" id=\"section_1508704776\">\n\t\t<div class=\"bg section-bg fill bg-fill  \" >\n\n\t\t\t\n\t\t\t<div class=\"section-bg-overlay absolute fill\"><\/div>\n\t\t\t\n\n\t\t<\/div>\n\n\t\t\n\n\t\t<div class=\"section-content relative\">\n\t\t\t\n\n<div class=\"row align-center\"  id=\"row-1304842034\">\n\n\n\t<div id=\"col-1071874930\" class=\"col medium-11 small-12 large-11\"  >\n\t\t\t\t<div class=\"col-inner\"  >\n\t\t\t\n\t\t\t\n\n\t<div id=\"gap-15964882\" class=\"gap-element clearfix\" style=\"display:block; height:auto;\">\n\t\t\n<style>\n#gap-15964882 {\n  padding-top: 30px;\n}\n<\/style>\n\t<\/div>\n\t\n\n\t<div id=\"text-4004365158\" class=\"text\">\n\t\t\n\n<h1>El proyecto<\/h1>\n\t\t\n<style>\n#text-4004365158 {\n  font-size: 1.25rem;\n  line-height: 0.75;\n  color: rgb(255, 255, 255);\n}\n#text-4004365158 > * {\n  color: rgb(255, 255, 255);\n}\n<\/style>\n\t<\/div>\n\t\n\t<div id=\"text-3961951710\" class=\"text\">\n\t\t\n\n<p><span style=\"font-weight: 400;\">Reestructuraci\u00f3n completa de la propiedad, ampliaci\u00f3n de la infraestructura valorando la iluminaci\u00f3n, el detalle y el dise\u00f1o interior a medida.<\/span><\/p>\n\t\t\n<style>\n#text-3961951710 {\n  color: rgb(255, 255, 255);\n}\n#text-3961951710 > * {\n  color: rgb(255, 255, 255);\n}\n<\/style>\n\t<\/div>\n\t\n<a href=\"https:\/\/wa.link\/b77j9x\" class=\"button secondary is-underline\"  >\n    <span>CONTACTAR<\/span>\n  <\/a>\n\n\n\n\t\t<\/div>\n\t\t\t\t\t<\/div>\n\n\t\n\n<\/div>\n\n\t\t<\/div>\n\n\t\t\n<style>\n#section_1508704776 {\n  padding-top: 0px;\n  padding-bottom: 0px;\n  min-height: 400px;\n}\n#section_1508704776 .section-bg-overlay {\n  background-color: rgba(0,0,0,.5);\n}\n#section_1508704776 .section-bg.bg-loaded {\n  background-image: url(https:\/\/equilibriumdyc.com.co\/wp-content\/uploads\/2024\/03\/flatsomebilder-3-of-4.jpg);\n}\n@media (min-width:850px) {\n  #section_1508704776 {\n    min-height: 700px;\n  }\n}\n<\/style>\n\t<\/section>\n\t\n\n\t\t<\/div>\n\t\t\t\t\t<\/div>\n\n\t\n\n<\/div>\n\n","protected":false},"excerpt":{"rendered":"","protected":false},"author":1,"featured_media":0,"parent":0,"menu_order":0,"comment_status":"closed","ping_status":"closed","template":"page-blank.php","meta":{"footnotes":""},"_links":{"self":[{"href":"https:\/\/equilibriumdyc.com.co\/index.php?rest_route=\/wp\/v2\/pages\/99"}],"collection":[{"href":"https:\/\/equilibriumdyc.com.co\/index.php?rest_route=\/wp\/v2\/pages"}],"about":[{"href":"https:\/\/equilibriumdyc.com.co\/index.php?rest_route=\/wp\/v2\/types\/page"}],"author":[{"embeddable":true,"href":"https:\/\/equilibriumdyc.com.co\/index.php?rest_route=\/wp\/v2\/users\/1"}],"replies":[{"embeddable":true,"href":"https:\/\/equilibriumdyc.com.co\/index.php?rest_route=%2Fwp%2Fv2%2Fcomments&post=99"}],"version-history":[{"count":31,"href":"https:\/\/equilibriumdyc.com.co\/index.php?rest_route=\/wp\/v2\/pages\/99\/revisions"}],"predecessor-version":[{"id":491,"href":"https:\/\/equilibriumdyc.com.co\/index.php?rest_route=\/wp\/v2\/pages\/99\/revisions\/491"}],"wp:attachment":[{"href":"https:\/\/equilibriumdyc.com.co\/index.php?rest_route=%2Fwp%2Fv2%2Fmedia&parent=99"}],"curies":[{"name":"wp","href":"https:\/\/api.w.org\/{rel}","templated":true}]}}